{"id":4087,"date":"2023-06-28T13:24:09","date_gmt":"2023-06-28T11:24:09","guid":{"rendered":"https:\/\/www.conservaselraal.com\/politica-de-trabajo\/"},"modified":"2023-09-15T10:28:00","modified_gmt":"2023-09-15T08:28:00","slug":"politique-de-travail","status":"publish","type":"page","link":"https:\/\/www.conservaselraal.com\/fr\/politique-de-travail\/","title":{"rendered":"Politique de sant\u00e9 et s\u00e9curit\u00e9 au travail"},"content":{"rendered":"\t\t<div data-elementor-type=\"wp-page\" data-elementor-id=\"4087\" class=\"elementor elementor-4087 elementor-2480\" data-elementor-post-type=\"page\">\n\t\t\t\t\t\t<section class=\"elementor-section elementor-top-section elementor-element elementor-element-ace5592 elementor-section-boxed elementor-section-height-default elementor-section-height-default\" data-id=\"ace5592\" data-element_type=\"section\" data-e-type=\"section\" data-settings=\"{&quot;jet_parallax_layout_list&quot;:[]}\">\n\t\t\t\t\t\t<div class=\"elementor-container elementor-column-gap-default\">\n\t\t\t\t\t<div class=\"elementor-column elementor-col-100 elementor-top-column elementor-element elementor-element-d203ae8\" data-id=\"d203ae8\" data-element_type=\"column\" data-e-type=\"column\">\n\t\t\t<div class=\"elementor-widget-wrap elementor-element-populated\">\n\t\t\t\t\t\t<div class=\"elementor-element elementor-element-0e93871 elementor-widget elementor-widget-heading\" data-id=\"0e93871\" data-element_type=\"widget\" data-e-type=\"widget\" data-widget_type=\"heading.default\">\n\t\t\t\t<div class=\"elementor-widget-container\">\n\t\t\t\t\t<h1 class=\"elementor-heading-title elementor-size-default\">Politique de sant\u00e9 et s\u00e9curit\u00e9 au travail<\/h1>\t\t\t\t<\/div>\n\t\t\t\t<\/div>\n\t\t\t\t<div class=\"elementor-element elementor-element-0294215 texto-legal elementor-widget elementor-widget-text-editor\" data-id=\"0294215\" data-element_type=\"widget\" data-e-type=\"widget\" data-widget_type=\"text-editor.default\">\n\t\t\t\t<div class=\"elementor-widget-container\">\n\t\t\t\t\t\t\t\t\t<p>La direction de CONSERVAS EL RAAL, SLU, une entreprise murcienne d\u00e9di\u00e9e \u00e0 la production et \u00e0 la commercialisation d\u2019artichauts et de poivrons en conserve, consciente de l\u2019engagement qu\u2019elle prend avec ses travailleurs, clients, institutions, soci\u00e9t\u00e9 et autres parties prenantes externes, s\u2019engage \u00e0 l\u2019\u00e9tablissement et la mise en \u0153uvre dans son organisation d\u2019un syst\u00e8me de management de la sant\u00e9 et de la s\u00e9curit\u00e9 au travail bas\u00e9 et conforme aux exigences de la norme ISO 45001.2018.<\/p><p>Cet engagement s\u2019applique \u00e0 toutes ses activit\u00e9s actuelles et dans le d\u00e9veloppement de nouveaux proc\u00e9d\u00e9s, et repose sur les principes et engagements suivants :<\/p><ul><li>S\u2019assurer que les activit\u00e9s men\u00e9es par l\u2019entreprise sont conformes aux exigences l\u00e9gales, ainsi qu\u2019aux autres exigences volontaires sign\u00e9es par l\u2019organisation en mati\u00e8re de sant\u00e9 et s\u00e9curit\u00e9 au travail.<\/li><\/ul><ul><li>Assurer l\u2019am\u00e9lioration des performances en sant\u00e9 et s\u00e9curit\u00e9 au travail afin d\u2019atteindre une am\u00e9lioration continue dans ce domaine.<\/li><\/ul><ul><li>Offrir des conditions de travail s\u00fbres et saines pour la pr\u00e9vention des blessures et de la d\u00e9t\u00e9rioration de la sant\u00e9.<\/li><\/ul><ul><li>\u00c9liminer les dangers et r\u00e9duire les risques pour la sant\u00e9 et la s\u00e9curit\u00e9 au travail.<\/li><\/ul><p>\u00a0<\/p><p>Consulter et impliquer le personnel, et en particulier les repr\u00e9sentants de leurs travailleurs, dans les d\u00e9cisions qui affectent leur s\u00e9curit\u00e9 et leur sant\u00e9 au travail.<\/p>\t\t\t\t\t\t\t\t<\/div>\n\t\t\t\t<\/div>\n\t\t\t\t\t<\/div>\n\t\t<\/div>\n\t\t\t\t\t<\/div>\n\t\t<\/section>\n\t\t\t\t<\/div>\n\t\t","protected":false},"excerpt":{"rendered":"<p>La direction de CONSERVAS EL RAAL, SLU, une entreprise murcienne d\u00e9di\u00e9e \u00e0 la production et \u00e0 la commercialisation d\u2019artichauts et de poivrons en conserve, consciente de l\u2019engagement qu\u2019elle prend avec ses travailleurs, clients, institutions, soci\u00e9t\u00e9 et autres parties prenantes externes, s\u2019engage \u00e0 l\u2019\u00e9tablissement et la mise en \u0153uvre dans son organisation d\u2019un syst\u00e8me de management [&hellip;]<\/p>\n","protected":false},"author":6,"featured_media":0,"parent":0,"menu_order":0,"comment_status":"closed","ping_status":"closed","template":"","meta":{"footnotes":""},"class_list":["post-4087","page","type-page","status-publish","hentry"],"_links":{"self":[{"href":"https:\/\/www.conservaselraal.com\/fr\/wp-json\/wp\/v2\/pages\/4087","targetHints":{"allow":["GET"]}}],"collection":[{"href":"https:\/\/www.conservaselraal.com\/fr\/wp-json\/wp\/v2\/pages"}],"about":[{"href":"https:\/\/www.conservaselraal.com\/fr\/wp-json\/wp\/v2\/types\/page"}],"author":[{"embeddable":true,"href":"https:\/\/www.conservaselraal.com\/fr\/wp-json\/wp\/v2\/users\/6"}],"replies":[{"embeddable":true,"href":"https:\/\/www.conservaselraal.com\/fr\/wp-json\/wp\/v2\/comments?post=4087"}],"version-history":[{"count":0,"href":"https:\/\/www.conservaselraal.com\/fr\/wp-json\/wp\/v2\/pages\/4087\/revisions"}],"wp:attachment":[{"href":"https:\/\/www.conservaselraal.com\/fr\/wp-json\/wp\/v2\/media?parent=4087"}],"curies":[{"name":"wp","href":"https:\/\/api.w.org\/{rel}","templated":true}]}}